{"id":4501,"date":"2024-11-01T19:45:35","date_gmt":"2024-11-01T19:45:35","guid":{"rendered":"https:\/\/depotmex.com\/?page_id=4501"},"modified":"2024-11-11T19:27:10","modified_gmt":"2024-11-11T19:27:10","slug":"acerca-de-copy-2","status":"publish","type":"page","link":"https:\/\/depotmex.com\/?page_id=4501","title":{"rendered":"Sucursales"},"content":{"rendered":"\t\t<div data-elementor-type=\"wp-page\" data-elementor-id=\"4501\" class=\"elementor elementor-4501\">\n\t\t\t\t<div class=\"has_eae_slider elementor-element elementor-element-e9d9505 e-flex e-con-boxed e-con e-parent\" data-id=\"e9d9505\" data-element_type=\"container\">\n\t\t\t\t\t<div class=\"e-con-inner\">\n\t\t\t\t<div class=\"elementor-element elementor-element-bf954ed elementor-widget elementor-widget-spacer\" data-id=\"bf954ed\" data-element_type=\"widget\" data-widget_type=\"spacer.default\">\n\t\t\t\t<div class=\"elementor-widget-container\">\n\t\t\t\t\t\t\t<div class=\"elementor-spacer\">\n\t\t\t<div class=\"elementor-spacer-inner\"><\/div>\n\t\t<\/div>\n\t\t\t\t\t\t<\/div>\n\t\t\t\t<\/div>\n\t\t\t\t\t<\/div>\n\t\t\t\t<\/div>\n\t\t<div class=\"has_eae_slider elementor-element elementor-element-ce137a0 e-flex e-con-boxed e-con e-parent\" data-id=\"ce137a0\" data-element_type=\"container\">\n\t\t\t\t\t<div class=\"e-con-inner\">\n\t\t\t\t<div class=\"elementor-element elementor-element-6da7c73 elementor-widget elementor-widget-heading\" data-id=\"6da7c73\" data-element_type=\"widget\" data-widget_type=\"heading.default\">\n\t\t\t\t<div class=\"elementor-widget-container\">\n\t\t\t\t\t<h2 class=\"elementor-heading-title elementor-size-default\">Sucursales<\/h2>\t\t\t\t<\/div>\n\t\t\t\t<\/div>\n\t\t\t\t\t<\/div>\n\t\t\t\t<\/div>\n\t\t\t\t<section class=\"has_eae_slider elementor-section elementor-top-section elementor-element elementor-element-b758744 elementor-section-boxed elementor-section-height-default elementor-section-height-default\" data-id=\"b758744\" data-element_type=\"section\">\n\t\t\t\t\t\t<div class=\"elementor-container elementor-column-gap-default\">\n\t\t\t\t\t<div class=\"has_eae_slider elementor-column elementor-col-50 elementor-top-column elementor-element elementor-element-8a5656e\" data-id=\"8a5656e\" data-element_type=\"column\">\n\t\t\t<div class=\"elementor-widget-wrap elementor-element-populated\">\n\t\t\t\t\t\t<section class=\"has_eae_slider elementor-section elementor-inner-section elementor-element elementor-element-a737500 elementor-section-boxed elementor-section-height-default elementor-section-height-default\" data-id=\"a737500\" data-element_type=\"section\">\n\t\t\t\t\t\t<div class=\"elementor-container elementor-column-gap-default\">\n\t\t\t\t\t<div class=\"has_eae_slider elementor-column elementor-col-100 elementor-inner-column elementor-element elementor-element-7f20030\" data-id=\"7f20030\" data-element_type=\"column\">\n\t\t\t<div class=\"elementor-widget-wrap elementor-element-populated\">\n\t\t\t\t\t\t<div class=\"elementor-element elementor-element-952190d elementor-widget elementor-widget-image\" data-id=\"952190d\" data-element_type=\"widget\" data-widget_type=\"image.default\">\n\t\t\t\t<div class=\"elementor-widget-container\">\n\t\t\t\t\t\t\t\t\t\t\t\t\t\t\t<img fetchpriority=\"high\" decoding=\"async\" width=\"718\" height=\"715\" src=\"https:\/\/depotmex.com\/wp-content\/uploads\/2024\/05\/CARRO-1.jpeg\" class=\"attachment-full size-full wp-image-4293\" alt=\"\" srcset=\"https:\/\/depotmex.com\/wp-content\/uploads\/2024\/05\/CARRO-1.jpeg 718w, https:\/\/depotmex.com\/wp-content\/uploads\/2024\/05\/CARRO-1-300x300.jpeg 300w, https:\/\/depotmex.com\/wp-content\/uploads\/2024\/05\/CARRO-1-150x150.jpeg 150w\" sizes=\"(max-width: 718px) 100vw, 718px\" \/>\t\t\t\t\t\t\t\t\t\t\t\t\t\t\t<\/div>\n\t\t\t\t<\/div>\n\t\t\t\t\t<\/div>\n\t\t<\/div>\n\t\t\t\t\t<\/div>\n\t\t<\/section>\n\t\t\t\t\t<\/div>\n\t\t<\/div>\n\t\t\t\t<div class=\"has_eae_slider elementor-column elementor-col-50 elementor-top-column elementor-element elementor-element-4a8d23c\" data-id=\"4a8d23c\" data-element_type=\"column\">\n\t\t\t<div class=\"elementor-widget-wrap elementor-element-populated\">\n\t\t\t\t\t\t<section class=\"has_eae_slider elementor-section elementor-inner-section elementor-element elementor-element-e784557 elementor-section-boxed elementor-section-height-default elementor-section-height-default\" data-id=\"e784557\" data-element_type=\"section\">\n\t\t\t\t\t\t<div class=\"elementor-container elementor-column-gap-default\">\n\t\t\t\t\t<div class=\"has_eae_slider elementor-column elementor-col-100 elementor-inner-column elementor-element elementor-element-45f8bf8\" data-id=\"45f8bf8\" data-element_type=\"column\">\n\t\t\t<div class=\"elementor-widget-wrap elementor-element-populated\">\n\t\t\t\t\t\t<div class=\"elementor-element elementor-element-094d327 elementor-widget elementor-widget-heading\" data-id=\"094d327\" data-element_type=\"widget\" data-widget_type=\"heading.default\">\n\t\t\t\t<div class=\"elementor-widget-container\">\n\t\t\t\t\t<h5 class=\"elementor-heading-title elementor-size-default\">\u00bfDonde estamos ubicados?<\/h5>\t\t\t\t<\/div>\n\t\t\t\t<\/div>\n\t\t\t\t<div class=\"elementor-element elementor-element-cb0beb1 elementor-widget elementor-widget-heading\" data-id=\"cb0beb1\" data-element_type=\"widget\" data-widget_type=\"heading.default\">\n\t\t\t\t<div class=\"elementor-widget-container\">\n\t\t\t\t\t<h2 class=\"elementor-heading-title elementor-size-default\">AUTO TRANSPORTES DEPOTMEX S.A. DE C.V. <\/h2>\t\t\t\t<\/div>\n\t\t\t\t<\/div>\n\t\t\t\t<div class=\"elementor-element elementor-element-044d918 elementor-widget elementor-widget-text-editor\" data-id=\"044d918\" data-element_type=\"widget\" data-widget_type=\"text-editor.default\">\n\t\t\t\t<div class=\"elementor-widget-container\">\n\t\t\t\t\t\t\t\t\t<p>Contamos con 2 sucursales adicionales para que puedas visitarlas y recibir el servicio de calidad que nos caracteriza. Sabemos lo importante que es para ti tener acceso a nuestras soluciones de transporte de manera \u00e1gil y cercana, por lo que hemos expandido nuestra presencia para ofrecerte m\u00e1s opciones y comodidad. A continuaci\u00f3n, te presentamos las ubicaciones y servicios disponibles en cada una de nuestras sucursales. \u00a1Te esperamos!<\/p>\t\t\t\t\t\t\t\t<\/div>\n\t\t\t\t<\/div>\n\t\t\t\t\t<\/div>\n\t\t<\/div>\n\t\t\t\t\t<\/div>\n\t\t<\/section>\n\t\t\t\t\t<\/div>\n\t\t<\/div>\n\t\t\t\t\t<\/div>\n\t\t<\/section>\n\t\t\t\t<section class=\"has_eae_slider elementor-section elementor-top-section elementor-element elementor-element-a85770c elementor-section-boxed elementor-section-height-default elementor-section-height-default\" data-id=\"a85770c\" data-element_type=\"section\">\n\t\t\t\t\t\t<div class=\"elementor-container elementor-column-gap-default\">\n\t\t\t\t\t<div class=\"has_eae_slider elementor-column elementor-col-50 elementor-top-column elementor-element elementor-element-b9c48aa\" data-id=\"b9c48aa\" data-element_type=\"column\">\n\t\t\t<div class=\"elementor-widget-wrap elementor-element-populated\">\n\t\t\t\t\t\t<div class=\"elementor-element elementor-element-463619b elementor-widget elementor-widget-image\" data-id=\"463619b\" data-element_type=\"widget\" data-widget_type=\"image.default\">\n\t\t\t\t<div class=\"elementor-widget-container\">\n\t\t\t\t\t\t\t\t\t\t\t\t\t\t\t<img decoding=\"async\" width=\"640\" height=\"480\" src=\"https:\/\/depotmex.com\/wp-content\/uploads\/2024\/11\/Pantio-altamira.png\" class=\"attachment-large size-large wp-image-4524\" alt=\"\" srcset=\"https:\/\/depotmex.com\/wp-content\/uploads\/2024\/11\/Pantio-altamira.png 960w, https:\/\/depotmex.com\/wp-content\/uploads\/2024\/11\/Pantio-altamira-300x225.png 300w, https:\/\/depotmex.com\/wp-content\/uploads\/2024\/11\/Pantio-altamira-768x576.png 768w\" sizes=\"(max-width: 640px) 100vw, 640px\" \/>\t\t\t\t\t\t\t\t\t\t\t\t\t\t\t<\/div>\n\t\t\t\t<\/div>\n\t\t\t\t\t<\/div>\n\t\t<\/div>\n\t\t\t\t<div class=\"has_eae_slider elementor-column elementor-col-50 elementor-top-column elementor-element elementor-element-048960f\" data-id=\"048960f\" data-element_type=\"column\">\n\t\t\t<div class=\"elementor-widget-wrap elementor-element-populated\">\n\t\t\t\t\t\t<div class=\"elementor-element elementor-element-37b8be2 elementor-vertical-align-top elementor-widget elementor-widget-icon-box\" data-id=\"37b8be2\" data-element_type=\"widget\" data-widget_type=\"icon-box.default\">\n\t\t\t\t<div class=\"elementor-widget-container\">\n\t\t\t\t\t\t\t<div class=\"elementor-icon-box-wrapper\">\n\n\t\t\t\n\t\t\t\t\t\t<div class=\"elementor-icon-box-content\">\n\n\t\t\t\t\t\t\t\t\t<h3 class=\"elementor-icon-box-title\">\n\t\t\t\t\t\t<span  >\n\t\t\t\t\t\t\tSUCURSAL DE MANZANILLO\t\t\t\t\t\t<\/span>\n\t\t\t\t\t<\/h3>\n\t\t\t\t\n\t\t\t\t\t\t\t\t\t<p class=\"elementor-icon-box-description\">\n\t\t\t\t\t\tDirecci\u00f3n: Carretera Manzanillo Minatitl\u00e1n km 5.5 colonia Jalipa, Manzanillo colima CP 28870<BR> <BR>\nTel\u00e9fonos: OFF 5579267858 <BR><BR>\nCorreos: <BR>raficoforaneo.zlo@depotmex.mx <BR> ricardo.zlo@depotmex.mx <BR><BR>\nNombre de los encargados; JESUS CORTES Y RICARDO RIVERA <BR><BR>\nEspacio o tama\u00f1o  del patio; ARRENDAMIENTO DE PATIO\n\t\t\t\t\t<\/p>\n\t\t\t\t\n\t\t\t<\/div>\n\t\t\t\n\t\t<\/div>\n\t\t\t\t\t\t<\/div>\n\t\t\t\t<\/div>\n\t\t\t\t\t<\/div>\n\t\t<\/div>\n\t\t\t\t\t<\/div>\n\t\t<\/section>\n\t\t<div class=\"has_eae_slider elementor-element elementor-element-70980d8 e-flex e-con-boxed e-con e-parent\" data-id=\"70980d8\" data-element_type=\"container\">\n\t\t\t\t\t<div class=\"e-con-inner\">\n\t\t<div class=\"has_eae_slider elementor-element elementor-element-063a895 e-con-full e-flex e-con e-child\" data-id=\"063a895\" data-element_type=\"container\">\n\t\t\t\t<div class=\"elementor-element elementor-element-5e9b6d1 elementor-widget elementor-widget-image\" data-id=\"5e9b6d1\" data-element_type=\"widget\" data-widget_type=\"image.default\">\n\t\t\t\t<div class=\"elementor-widget-container\">\n\t\t\t\t\t\t\t\t\t\t\t\t\t\t\t<img decoding=\"async\" width=\"640\" height=\"480\" src=\"https:\/\/depotmex.com\/wp-content\/uploads\/2024\/11\/Pantio-Manzanillo.png\" class=\"attachment-large size-large wp-image-4523\" alt=\"\" srcset=\"https:\/\/depotmex.com\/wp-content\/uploads\/2024\/11\/Pantio-Manzanillo.png 960w, https:\/\/depotmex.com\/wp-content\/uploads\/2024\/11\/Pantio-Manzanillo-300x225.png 300w, https:\/\/depotmex.com\/wp-content\/uploads\/2024\/11\/Pantio-Manzanillo-768x576.png 768w\" sizes=\"(max-width: 640px) 100vw, 640px\" \/>\t\t\t\t\t\t\t\t\t\t\t\t\t\t\t<\/div>\n\t\t\t\t<\/div>\n\t\t\t\t<\/div>\n\t\t<div class=\"has_eae_slider elementor-element elementor-element-6819f8d e-con-full e-flex e-con e-child\" data-id=\"6819f8d\" data-element_type=\"container\">\n\t\t\t\t<div class=\"elementor-element elementor-element-c275320 elementor-widget elementor-widget-icon-box\" data-id=\"c275320\" data-element_type=\"widget\" data-widget_type=\"icon-box.default\">\n\t\t\t\t<div class=\"elementor-widget-container\">\n\t\t\t\t\t\t\t<div class=\"elementor-icon-box-wrapper\">\n\n\t\t\t\n\t\t\t\t\t\t<div class=\"elementor-icon-box-content\">\n\n\t\t\t\t\t\t\t\t\t<h4 class=\"elementor-icon-box-title\">\n\t\t\t\t\t\t<span  >\n\t\t\t\t\t\t\tSUCARSAL ALTAMIRA \t\t\t\t\t\t<\/span>\n\t\t\t\t\t<\/h4>\n\t\t\t\t\n\t\t\t\t\t\t\t\t\t<p class=\"elementor-icon-box-description\">\n\t\t\t\t\t\tDirecci\u00f3n; BLVD.  Dee los r\u00edos  Num 6400, Blvd de las Bahias Puerto  Industrial  Altamira Tamaulipas <BR><BR>\nTel\u00e9fonos; 8332609075 \/ 76 <BR><BR> \nCorreos:<BR> sofia.aguirre@depotmex.mx <BR>celeste.aguirre@depotmex.mx <BR><BR>\nNombre de los encargados: SOFIA AGUIRRE Y CELESTE AGUIRRE  \n<BR><BR> Espacio o tama\u00f1o  del patio: ARRENDAMIENTO DE PATIO\n\t\t\t\t\t<\/p>\n\t\t\t\t\n\t\t\t<\/div>\n\t\t\t\n\t\t<\/div>\n\t\t\t\t\t\t<\/div>\n\t\t\t\t<\/div>\n\t\t\t\t<\/div>\n\t\t\t\t\t<\/div>\n\t\t\t\t<\/div>\n\t\t<div class=\"has_eae_slider elementor-element elementor-element-d9b8e8a e-flex e-con-boxed e-con e-parent\" data-id=\"d9b8e8a\" data-element_type=\"container\">\n\t\t\t\t\t<div class=\"e-con-inner\">\n\t\t\t\t<div class=\"elementor-element elementor-element-c0e8888 elementor-widget elementor-widget-spacer\" data-id=\"c0e8888\" data-element_type=\"widget\" data-widget_type=\"spacer.default\">\n\t\t\t\t<div class=\"elementor-widget-container\">\n\t\t\t\t\t\t\t<div class=\"elementor-spacer\">\n\t\t\t<div class=\"elementor-spacer-inner\"><\/div>\n\t\t<\/div>\n\t\t\t\t\t\t<\/div>\n\t\t\t\t<\/div>\n\t\t\t\t\t<\/div>\n\t\t\t\t<\/div>\n\t\t\t\t<\/div>\n\t\t","protected":false},"excerpt":{"rendered":"<p>Sucursales \u00bfDonde estamos ubicados? AUTO TRANSPORTES DEPOTMEX S.A. DE C.V. Contamos con 2 sucursales adicionales para que puedas visitarlas y recibir el servicio de calidad que nos caracteriza. Sabemos lo importante que es para ti tener acceso a nuestras soluciones de transporte de manera \u00e1gil y cercana, por lo que hemos expandido nuestra presencia para [&hellip;]<\/p>\n","protected":false},"author":1,"featured_media":0,"parent":0,"menu_order":0,"comment_status":"closed","ping_status":"closed","template":"elementor_header_footer","meta":{"_acf_changed":false,"footnotes":""},"class_list":["post-4501","page","type-page","status-publish","hentry"],"acf":[],"_links":{"self":[{"href":"https:\/\/depotmex.com\/index.php?rest_route=\/wp\/v2\/pages\/4501","targetHints":{"allow":["GET"]}}],"collection":[{"href":"https:\/\/depotmex.com\/index.php?rest_route=\/wp\/v2\/pages"}],"about":[{"href":"https:\/\/depotmex.com\/index.php?rest_route=\/wp\/v2\/types\/page"}],"author":[{"embeddable":true,"href":"https:\/\/depotmex.com\/index.php?rest_route=\/wp\/v2\/users\/1"}],"replies":[{"embeddable":true,"href":"https:\/\/depotmex.com\/index.php?rest_route=%2Fwp%2Fv2%2Fcomments&post=4501"}],"version-history":[{"count":16,"href":"https:\/\/depotmex.com\/index.php?rest_route=\/wp\/v2\/pages\/4501\/revisions"}],"predecessor-version":[{"id":4527,"href":"https:\/\/depotmex.com\/index.php?rest_route=\/wp\/v2\/pages\/4501\/revisions\/4527"}],"wp:attachment":[{"href":"https:\/\/depotmex.com\/index.php?rest_route=%2Fwp%2Fv2%2Fmedia&parent=4501"}],"curies":[{"name":"wp","href":"https:\/\/api.w.org\/{rel}","templated":true}]}}